{"id":55,"date":"2025-03-25T14:46:52","date_gmt":"2025-03-25T17:46:52","guid":{"rendered":"https:\/\/mereo.com\/hub\/?page_id=55"},"modified":"2025-07-21T13:55:47","modified_gmt":"2025-07-21T16:55:47","slug":"midia","status":"publish","type":"page","link":"https:\/\/mereo.com\/hub\/midia\/","title":{"rendered":"M\u00eddia"},"content":{"rendered":"\t\t<div data-elementor-type=\"wp-page\" data-elementor-id=\"55\" class=\"elementor elementor-55\" data-elementor-post-type=\"page\">\n\t\t\t\t<div class=\"elementor-element elementor-element-56abb30 e-flex e-con-boxed e-con e-parent\" data-id=\"56abb30\" data-element_type=\"container\" data-settings=\"{&quot;background_background&quot;:&quot;classic&quot;}\">\n\t\t\t\t\t<div class=\"e-con-inner\">\n\t\t<div class=\"elementor-element elementor-element-b4e7bd5 e-con-full e-flex e-con e-child\" data-id=\"b4e7bd5\" data-element_type=\"container\">\n\t\t\t\t<div class=\"elementor-element elementor-element-91e852e elementor-widget elementor-widget-heading\" data-id=\"91e852e\" data-element_type=\"widget\" data-widget_type=\"heading.default\">\n\t\t\t\t<div class=\"elementor-widget-container\">\n\t\t\t\t\t<h2 class=\"elementor-heading-title elementor-size-default\">Acompanhe a Mereo na m\u00eddia:<\/br>\u2028not\u00edcias e impactos que fazem a diferen\u00e7a<\/h2>\t\t\t\t<\/div>\n\t\t\t\t<\/div>\n\t\t<div class=\"elementor-element elementor-element-509b62b e-con-full e-flex e-con e-child\" data-id=\"509b62b\" data-element_type=\"container\">\n\t\t\t\t<div class=\"elementor-element elementor-element-04fc63b elementor-grid-1 elementor-grid-tablet-1 elementor-grid-mobile-1 elementor-widget elementor-widget-loop-grid\" data-id=\"04fc63b\" data-element_type=\"widget\" data-settings=\"{&quot;template_id&quot;:&quot;1159&quot;,&quot;columns&quot;:1,&quot;columns_tablet&quot;:1,&quot;_skin&quot;:&quot;post&quot;,&quot;columns_mobile&quot;:&quot;1&quot;,&quot;edit_handle_selector&quot;:&quot;[data-elementor-type=\\&quot;loop-item\\&quot;]&quot;,&quot;row_gap&quot;:{&quot;unit&quot;:&quot;px&quot;,&quot;size&quot;:&quot;&quot;,&quot;sizes&quot;:[]},&quot;row_gap_tablet&quot;:{&quot;unit&quot;:&quot;px&quot;,&quot;size&quot;:&quot;&quot;,&quot;sizes&quot;:[]},&quot;row_gap_mobile&quot;:{&quot;unit&quot;:&quot;px&quot;,&quot;size&quot;:&quot;&quot;,&quot;sizes&quot;:[]}}\" data-widget_type=\"loop-grid.post\">\n\t\t\t\t<div class=\"elementor-widget-container\">\n\t\t\t\t\t\t\t<div class=\"e-loop-nothing-found-message\">\n\t\t<\/div>\n\t\t\t\t\t\t<\/div>\n\t\t\t\t<\/div>\n\t\t\t\t<\/div>\n\t\t\t\t<\/div>\n\t\t\t\t\t<\/div>\n\t\t\t\t<\/div>\n\t\t<div class=\"elementor-element elementor-element-e345325 e-flex e-con-boxed e-con e-parent\" data-id=\"e345325\" data-element_type=\"container\">\n\t\t\t\t\t<div class=\"e-con-inner\">\n\t\t<div class=\"elementor-element elementor-element-a703f07 e-con-full e-flex e-con e-child\" data-id=\"a703f07\" data-element_type=\"container\">\n\t\t<div class=\"elementor-element elementor-element-9957d76 e-con-full e-flex e-con e-child\" data-id=\"9957d76\" data-element_type=\"container\">\n\t\t\t\t<div class=\"elementor-element elementor-element-7a08568 elementor-widget-mobile__width-initial elementor-widget elementor-widget-heading\" data-id=\"7a08568\" data-element_type=\"widget\" data-widget_type=\"heading.default\">\n\t\t\t\t<div class=\"elementor-widget-container\">\n\t\t\t\t\t<h2 class=\"elementor-heading-title elementor-size-default\">\u00daltimas apari\u00e7\u00f5es<\/h2>\t\t\t\t<\/div>\n\t\t\t\t<\/div>\n\t\t\t\t<div class=\"elementor-element elementor-element-c56b6a4 elementor-widget-divider--view-line elementor-widget elementor-widget-divider\" data-id=\"c56b6a4\" data-element_type=\"widget\" data-widget_type=\"divider.default\">\n\t\t\t\t<div class=\"elementor-widget-container\">\n\t\t\t\t\t\t\t<div class=\"elementor-divider\">\n\t\t\t<span class=\"elementor-divider-separator\">\n\t\t\t\t\t\t<\/span>\n\t\t<\/div>\n\t\t\t\t\t\t<\/div>\n\t\t\t\t<\/div>\n\t\t\t\t<div class=\"elementor-element elementor-element-7d13ab8 elementor-hidden-mobile elementor-widget elementor-widget-heading\" data-id=\"7d13ab8\" data-element_type=\"widget\" data-widget_type=\"heading.default\">\n\t\t\t\t<div class=\"elementor-widget-container\">\n\t\t\t\t\t<h2 class=\"elementor-heading-title elementor-size-default\">Categorias<\/h2>\t\t\t\t<\/div>\n\t\t\t\t<\/div>\n\t\t\t\t<\/div>\n\t\t<div class=\"elementor-element elementor-element-eb42c0a e-con-full e-flex e-con e-child\" data-id=\"eb42c0a\" data-element_type=\"container\">\n\t\t\t\t<div class=\"elementor-element elementor-element-587a619 ewc-carousel-on elementor-widget elementor-widget-ewc_taxonomy_filter\" data-id=\"587a619\" data-element_type=\"widget\" data-widget_type=\"ewc_taxonomy_filter.default\">\n\t\t\t\t<div class=\"elementor-widget-container\">\n\t\t\t\t\t<div class=\"ewc-taxonomy-filter\" data-loop-id=\"loop_2\" data-taxonomy=\"categoria_noticia\"><style>.ewc-taxonomy-filter .filtro-tax{cursor:pointer;}<\/style><div class=\"ewc-tax-buttons-wrapper\"><button class=\"filtro-tax termo-ativo todos\" data-term=\"\">Todos<\/button><button class=\"filtro-tax\" data-term=\"exame\">Exame <span class=\"contador\">1<\/span><\/button><button class=\"filtro-tax\" data-term=\"hsm\">HSM <span class=\"contador\">2<\/span><\/button><button class=\"filtro-tax\" data-term=\"istoe\">ISTO\u00c9 <span class=\"contador\">1<\/span><\/button><button class=\"filtro-tax\" data-term=\"monitor-mercantil\">Monitor Mercantil <span class=\"contador\">1<\/span><\/button><button class=\"filtro-tax\" data-term=\"valor-economico\">Valor Econ\u00f4mico <span class=\"contador\">1<\/span><\/button><\/div><\/div>\t\t\t\t<\/div>\n\t\t\t\t<\/div>\n\t\t\t\t<\/div>\n\t\t\t\t<\/div>\n\t\t<div class=\"elementor-element elementor-element-85afde1 e-con-full e-flex e-con e-child\" data-id=\"85afde1\" data-element_type=\"container\">\n\t\t\t\t<div class=\"elementor-element elementor-element-ee476a1 elementor-widget elementor-widget-ewc_loop_posts\" data-id=\"ee476a1\" data-element_type=\"widget\" data-widget_type=\"ewc_loop_posts.default\">\n\t\t\t\t<div class=\"elementor-widget-container\">\n\t\t\t\t\t<div class=\"ewc-loop-wrapper\" data-settings='{\"loop_target_id\":\"loop_2\",\"post_type\":\"noticia\",\"template_id\":\"1150\",\"columns_mobile\":1,\"column_gap_mobile\":{\"unit\":\"px\",\"size\":30,\"sizes\":[]},\"row_gap_mobile\":{\"unit\":\"px\",\"size\":20,\"sizes\":[]},\"load_more\":\"yes\",\"load_more_text\":\"Carregar mais m\\u00eddias\",\"space_button_mobile\":{\"unit\":\"px\",\"size\":40,\"sizes\":[]},\"title_typography_typography\":\"custom\",\"title_typography_font_family\":\"Graphik\",\"title_typography_font_size\":{\"unit\":\"px\",\"size\":16,\"sizes\":[]},\"title_typography_font_weight\":\"500\",\"button_padding\":{\"unit\":\"px\",\"top\":\"6\",\"right\":\"20\",\"bottom\":\"5\",\"left\":\"020\",\"isLinked\":false},\"button_text_color\":\"#06070A80\",\"button_bg_color\":\"#FFFFFF00\",\"button_border_border\":\"solid\",\"button_border_width\":{\"unit\":\"px\",\"top\":\"2\",\"right\":\"2\",\"bottom\":\"2\",\"left\":\"2\",\"isLinked\":true},\"button_border_color\":\"#06070A80\",\"button_border_radius\":{\"unit\":\"px\",\"top\":\"30\",\"right\":\"30\",\"bottom\":\"30\",\"left\":\"30\",\"isLinked\":true},\"per_page\":6,\"order\":\"DESC\",\"orderby\":\"date\",\"_title\":\"\",\"_element_width\":\"\",\"_element_width_tablet\":\"\",\"_element_width_mobile\":\"\",\"_position\":\"\",\"_element_id\":\"\",\"_css_classes\":\"\",\"e_display_conditions\":\"\",\"dynamicconditions_dynamic\":{\"url\":\"\",\"id\":\"\",\"size\":\"\"},\"dynamicconditions_visibility\":\"hide\",\"dynamicconditions_condition\":\"\",\"dynamicconditions_type\":null,\"dynamicconditions_value\":null,\"dynamicconditions_value2\":null,\"dynamicconditions_date_value\":null,\"dynamicconditions_date_value2\":null,\"dynamicconditions_day_array_value\":null,\"dynamicconditions_day_value\":null,\"dynamicconditions_day_value2\":null,\"dynamicconditions_month_array_value\":null,\"dynamicconditions_month_value\":null,\"dynamicconditions_month_value2\":null,\"dynamicconditions_hideContentOnly\":null,\"dynamicconditions_removeStyles\":null,\"dynamicconditions_parse_shortcodes\":\"\",\"dynamicconditions_prevent_date_parsing\":\"\",\"dynamicconditions_hideWrapper\":\"\",\"dynamicconditions_hideOthers\":\"\",\"dynamicconditions_widget_id\":\"\",\"dynamicconditions_debug\":\"\",\"eael_wrapper_link_switch\":\"\",\"eael_wrapper_link\":null,\"eael_wrapper_link_disable_traditional\":null,\"eael_hover_effect_switch\":\"\",\"eael_hover_effect_enable_live_changes\":null,\"eael_hover_effect_opacity_popover\":null,\"eael_hover_effect_opacity\":null,\"eael_hover_effect_filter_popover\":null,\"eael_hover_effect_blur_is_on\":null,\"eael_hover_effect_blur\":null,\"eael_hover_effect_contrast_is_on\":null,\"eael_hover_effect_contrast\":null,\"eael_hover_effect_grayscale_is_on\":null,\"eael_hover_effect_grayscal\":null,\"eael_hover_effect_invert_is_on\":null,\"eael_hover_effect_invert\":null,\"eael_hover_effect_saturate_is_on\":null,\"eael_hover_effect_saturate\":null,\"eael_hover_effect_sepia_is_on\":null,\"eael_hover_effect_sepia\":null,\"eael_hover_effect_offset_popover\":null,\"eael_hover_effect_offset_left\":null,\"eael_hover_effect_offset_left_tablet\":null,\"eael_hover_effect_offset_left_mobile\":null,\"eael_hover_effect_offset_top\":null,\"eael_hover_effect_offset_top_tablet\":null,\"eael_hover_effect_offset_top_mobile\":null,\"eael_hover_effect_transform_popover\":null,\"eael_hover_effect_rotate_is_on\":null,\"eael_hover_effect_transform_rotatex\":null,\"eael_hover_effect_transform_rotatey\":null,\"eael_hover_effect_transform_rotatez\":null,\"eael_hover_effect_scale_is_on\":null,\"eael_hover_effect_transform_scalex\":null,\"eael_hover_effect_transform_scaley\":null,\"eael_hover_effect_skew_is_on\":null,\"eael_hover_effect_transform_skewx\":null,\"eael_hover_effect_transform_skewy\":null,\"eael_hover_effect_general_settings_duration\":null,\"eael_hover_effect_general_settings_delay\":null,\"eael_hover_effect_general_settings_easing\":null,\"eael_hover_effect_opacity_popover_hover\":null,\"eael_hover_effect_opacity_hover\":null,\"eael_hover_effect_filter_hover_popover\":null,\"eael_hover_effect_blur_hover_is_on\":null,\"eael_hover_effect_blur_hover\":null,\"eael_hover_effect_contrast_hover_is_on\":null,\"eael_hover_effect_contrast_hover\":null,\"eael_hover_effect_grayscale_hover_is_on\":null,\"eael_hover_effect_grayscal_hover\":null,\"eael_hover_effect_invert_hover_is_on\":null,\"eael_hover_effect_invert_hover\":null,\"eael_hover_effect_saturate_hover_is_on\":null,\"eael_hover_effect_saturate_hover\":null,\"eael_hover_effect_sepia_hover_is_on\":null,\"eael_hover_effect_sepia_hover\":null,\"eael_hover_effect_offset_hover_popover\":null,\"eael_hover_effect_offset_hover_left\":null,\"eael_hover_effect_offset_hover_left_tablet\":null,\"eael_hover_effect_offset_hover_left_mobile\":null,\"eael_hover_effect_offset_hover_top\":null,\"eael_hover_effect_offset_hover_top_tablet\":null,\"eael_hover_effect_offset_hover_top_mobile\":null,\"eael_hover_effect_transform_hover_popover\":null,\"eael_hover_effect_rotate_hover_is_on\":null,\"eael_hover_effect_transform_hover_rotatex\":null,\"eael_hover_effect_transform_hover_rotatey\":null,\"eael_hover_effect_transform_hover_rotatez\":null,\"eael_hover_effect_scale_hover_is_on\":null,\"eael_hover_effect_transform_hover_scalex\":null,\"eael_hover_effect_transform_hover_scaley\":null,\"eael_hover_effect_skew_hover_is_on\":null,\"eael_hover_effect_transform_hover_skewx\":null,\"eael_hover_effect_transform_hover_skewy\":null,\"eael_hover_effect_general_settings_hover_duration\":null,\"eael_hover_effect_general_settings_hover_delay\":null,\"eael_hover_effect_general_settings_hover_easing\":null,\"eael_hover_effect_hover_tilt\":null,\"eael_liquid_glass_effect_switch\":\"\",\"eael_liquid_glass_effect\":null,\"eael_liquid_glass_border_distortion\":null,\"eael_liquid_glass_shadow_effect\":null,\"eael_enable_image_masking\":\"\",\"eael_image_masking_type\":null,\"eael_image_masking_clip_path\":null,\"eael_image_masking_enable_custom_clip_path\":null,\"eael_image_masking_custom_clip_path\":null,\"eael_image_masking_svg\":null,\"eael_image_masking_hover_effect\":null,\"eael_image_masking_clip_path_hover\":null,\"eael_image_masking_enable_custom_clip_path_hover\":null,\"eael_image_masking_custom_clip_path_hover\":null,\"eael_image_masking_svg_hover\":null,\"eael_image_masking_hover_selector\":null,\"motion_fx_motion_fx_scrolling\":\"\",\"motion_fx_translateY_effect\":null,\"motion_fx_translateY_direction\":null,\"motion_fx_translateY_speed\":null,\"motion_fx_translateY_affectedRange\":null,\"motion_fx_translateX_effect\":null,\"motion_fx_translateX_direction\":null,\"motion_fx_translateX_speed\":null,\"motion_fx_translateX_affectedRange\":null,\"motion_fx_opacity_effect\":null,\"motion_fx_opacity_direction\":null,\"motion_fx_opacity_level\":null,\"motion_fx_opacity_range\":null,\"motion_fx_blur_effect\":null,\"motion_fx_blur_direction\":null,\"motion_fx_blur_level\":null,\"motion_fx_blur_range\":null,\"motion_fx_rotateZ_effect\":null,\"motion_fx_rotateZ_direction\":null,\"motion_fx_rotateZ_speed\":null,\"motion_fx_rotateZ_affectedRange\":null,\"motion_fx_scale_effect\":null,\"motion_fx_scale_direction\":null,\"motion_fx_scale_speed\":null,\"motion_fx_scale_range\":null,\"motion_fx_devices\":null,\"motion_fx_range\":null,\"motion_fx_motion_fx_mouse\":\"\",\"motion_fx_mouseTrack_effect\":null,\"motion_fx_mouseTrack_direction\":null,\"motion_fx_mouseTrack_speed\":null,\"motion_fx_tilt_effect\":null,\"motion_fx_tilt_direction\":null,\"motion_fx_tilt_speed\":null,\"handle_motion_fx_asset_loading\":\"\",\"sticky\":\"\",\"sticky_on\":null,\"sticky_offset\":null,\"sticky_offset_tablet\":null,\"sticky_offset_mobile\":null,\"sticky_effects_offset\":null,\"sticky_effects_offset_tablet\":null,\"sticky_effects_offset_mobile\":null,\"sticky_anchor_link_offset\":null,\"sticky_anchor_link_offset_tablet\":null,\"sticky_anchor_link_offset_mobile\":null,\"sticky_parent\":null,\"_animation\":\"\",\"_animation_tablet\":\"\",\"_animation_mobile\":\"\",\"animation_duration\":null,\"_animation_delay\":null,\"_transform_rotate_popover\":\"\",\"_transform_rotateZ_effect\":null,\"_transform_rotateZ_effect_tablet\":null,\"_transform_rotateZ_effect_mobile\":null,\"_transform_rotate_3d\":null,\"_transform_rotateX_effect\":null,\"_transform_rotateX_effect_tablet\":null,\"_transform_rotateX_effect_mobile\":null,\"_transform_rotateY_effect\":null,\"_transform_rotateY_effect_tablet\":null,\"_transform_rotateY_effect_mobile\":null,\"_transform_perspective_effect\":null,\"_transform_perspective_effect_tablet\":null,\"_transform_perspective_effect_mobile\":null,\"_transform_translate_popover\":\"\",\"_transform_translateX_effect\":null,\"_transform_translateX_effect_tablet\":null,\"_transform_translateX_effect_mobile\":null,\"_transform_translateY_effect\":null,\"_transform_translateY_effect_tablet\":null,\"_transform_translateY_effect_mobile\":null,\"_transform_scale_popover\":\"\",\"_transform_keep_proportions\":\"yes\",\"_transform_scale_effect\":null,\"_transform_scale_effect_tablet\":null,\"_transform_scale_effect_mobile\":null,\"_transform_scaleX_effect\":null,\"_transform_scaleX_effect_tablet\":null,\"_transform_scaleX_effect_mobile\":null,\"_transform_scaleY_effect\":null,\"_transform_scaleY_effect_tablet\":null,\"_transform_scaleY_effect_mobile\":null,\"_transform_skew_popover\":\"\",\"_transform_skewX_effect\":null,\"_transform_skewX_effect_tablet\":null,\"_transform_skewX_effect_mobile\":null,\"_transform_skewY_effect\":null,\"_transform_skewY_effect_tablet\":null,\"_transform_skewY_effect_mobile\":null,\"_transform_flipX_effect\":\"\",\"_transform_flipY_effect\":\"\",\"_transform_rotate_popover_hover\":\"\",\"_transform_rotateZ_effect_hover\":null,\"_transform_rotateZ_effect_hover_tablet\":null,\"_transform_rotateZ_effect_hover_mobile\":null,\"_transform_rotate_3d_hover\":null,\"_transform_rotateX_effect_hover\":null,\"_transform_rotateX_effect_hover_tablet\":null,\"_transform_rotateX_effect_hover_mobile\":null,\"_transform_rotateY_effect_hover\":null,\"_transform_rotateY_effect_hover_tablet\":null,\"_transform_rotateY_effect_hover_mobile\":null,\"_transform_perspective_effect_hover\":null,\"_transform_perspective_effect_hover_tablet\":null,\"_transform_perspective_effect_hover_mobile\":null,\"_transform_translate_popover_hover\":\"\",\"_transform_translateX_effect_hover\":null,\"_transform_translateX_effect_hover_tablet\":null,\"_transform_translateX_effect_hover_mobile\":null,\"_transform_translateY_effect_hover\":null,\"_transform_translateY_effect_hover_tablet\":null,\"_transform_translateY_effect_hover_mobile\":null,\"_transform_scale_popover_hover\":\"\",\"_transform_keep_proportions_hover\":\"yes\",\"_transform_scale_effect_hover\":null,\"_transform_scale_effect_hover_tablet\":null,\"_transform_scale_effect_hover_mobile\":null,\"_transform_scaleX_effect_hover\":null,\"_transform_scaleX_effect_hover_tablet\":null,\"_transform_scaleX_effect_hover_mobile\":null,\"_transform_scaleY_effect_hover\":null,\"_transform_scaleY_effect_hover_tablet\":null,\"_transform_scaleY_effect_hover_mobile\":null,\"_transform_skew_popover_hover\":\"\",\"_transform_skewX_effect_hover\":null,\"_transform_skewX_effect_hover_tablet\":null,\"_transform_skewX_effect_hover_mobile\":null,\"_transform_skewY_effect_hover\":null,\"_transform_skewY_effect_hover_tablet\":null,\"_transform_skewY_effect_hover_mobile\":null,\"_transform_flipX_effect_hover\":\"\",\"_transform_flipY_effect_hover\":\"\",\"_background_color\":null,\"_background_color_b\":null,\"_background_image\":null,\"_background_video_link\":null,\"_background_video_start\":null,\"_background_video_end\":null,\"_background_play_once\":null,\"_background_play_on_mobile\":null,\"_background_privacy_mode\":null,\"_background_slideshow_gallery\":null,\"_background_slideshow_loop\":null,\"_background_slideshow_slide_duration\":null,\"_background_slideshow_slide_transition\":null,\"_background_slideshow_transition_duration\":null,\"_background_slideshow_lazyload\":null,\"_background_slideshow_ken_burns\":null,\"_background_slideshow_ken_burns_zoom_direction\":null,\"_background_hover_color\":null,\"_background_hover_color_b\":null,\"_background_hover_image\":null,\"_background_hover_video_link\":null,\"_background_hover_video_start\":null,\"_background_hover_video_end\":null,\"_background_hover_play_once\":null,\"_background_hover_play_on_mobile\":null,\"_background_hover_privacy_mode\":null,\"_background_hover_slideshow_gallery\":null,\"_background_hover_slideshow_loop\":null,\"_background_hover_slideshow_slide_duration\":null,\"_background_hover_slideshow_slide_transition\":null,\"_background_hover_slideshow_transition_duration\":null,\"_background_hover_slideshow_lazyload\":null,\"_background_hover_slideshow_ken_burns\":null,\"_background_hover_slideshow_ken_burns_zoom_direction\":null,\"_mask_switch\":\"\",\"_mask_notice\":null,\"hide_desktop\":\"\",\"hide_tablet\":\"\",\"hide_mobile\":\"\",\"_attributes\":\"\"}'><div class=\"ewc-loop\" data-loop-id=\"loop_2\" data-page=\"1\" style=\"display: grid;\"><div class=\"area-spinner\"><div class=\"spinner\"><\/div><\/div><!-- Aqui vir\u00e3o os posts renderizados via JS\/AJAX --><\/div><div class=\"area-button-load-more\"><button class=\"ewc-load-more\" data-loop-id=\"loop_2\" style=\"display: none;\">Carregar mais m\u00eddias<\/button><\/div><\/div>\t\t\t\t<\/div>\n\t\t\t\t<\/div>\n\t\t\t\t<\/div>\n\t\t\t\t\t<\/div>\n\t\t\t\t<\/div>\n\t\t\t\t<\/div>\n\t\t","protected":false},"excerpt":{"rendered":"<p>Acompanhe a Mereo na m\u00eddia:\u2028not\u00edcias e impactos que fazem a diferen\u00e7a \u00daltimas apari\u00e7\u00f5es Categorias TodosDestaques 2Engajamento 2 Carregar mais m\u00eddias<\/p>\n","protected":false},"author":1,"featured_media":0,"parent":0,"menu_order":0,"comment_status":"closed","ping_status":"closed","template":"","meta":{"footnotes":""},"class_list":["post-55","page","type-page","status-publish","hentry"],"yoast_head":"<!-- This site is optimized with the Yoast SEO plugin v26.6 - https:\/\/yoast.com\/wordpress\/plugins\/seo\/ -->\n<title>Mereo na M\u00eddia<\/title>\n<meta name=\"description\" content=\"Saiba o que falam da Mereo na m\u00eddia. Confira as not\u00edcias e impactos que fazem a diferen\u00e7a no mundo dos neg\u00f3cios.\" \/>\n<meta name=\"robots\" content=\"index, follow, max-snippet:-1, max-image-preview:large, max-video-preview:-1\" \/>\n<link rel=\"canonical\" href=\"https:\/\/mereo.com\/hub\/midia\/\" \/>\n<meta property=\"og:locale\" content=\"pt_BR\" \/>\n<meta property=\"og:type\" content=\"article\" \/>\n<meta property=\"og:title\" content=\"Mereo na M\u00eddia\" \/>\n<meta property=\"og:description\" content=\"Saiba o que falam da Mereo na m\u00eddia. Confira as not\u00edcias e impactos que fazem a diferen\u00e7a no mundo dos neg\u00f3cios.\" \/>\n<meta property=\"og:url\" content=\"https:\/\/mereo.com\/hub\/midia\/\" \/>\n<meta property=\"og:site_name\" content=\"Mereo Hub\" \/>\n<meta property=\"article:modified_time\" content=\"2025-07-21T16:55:47+00:00\" \/>\n<meta name=\"twitter:card\" content=\"summary_large_image\" \/>\n<meta name=\"twitter:label1\" content=\"Est. tempo de leitura\" \/>\n\t<meta name=\"twitter:data1\" content=\"1 minuto\" \/>\n<script type=\"application\/ld+json\" class=\"yoast-schema-graph\">{\"@context\":\"https:\/\/schema.org\",\"@graph\":[{\"@type\":\"WebPage\",\"@id\":\"https:\/\/mereo.com\/hub\/midia\/\",\"url\":\"https:\/\/mereo.com\/hub\/midia\/\",\"name\":\"Mereo na M\u00eddia\",\"isPartOf\":{\"@id\":\"https:\/\/mereo.com\/hub\/#website\"},\"datePublished\":\"2025-03-25T17:46:52+00:00\",\"dateModified\":\"2025-07-21T16:55:47+00:00\",\"description\":\"Saiba o que falam da Mereo na m\u00eddia. Confira as not\u00edcias e impactos que fazem a diferen\u00e7a no mundo dos neg\u00f3cios.\",\"breadcrumb\":{\"@id\":\"https:\/\/mereo.com\/hub\/midia\/#breadcrumb\"},\"inLanguage\":\"pt-BR\",\"potentialAction\":[{\"@type\":\"ReadAction\",\"target\":[\"https:\/\/mereo.com\/hub\/midia\/\"]}]},{\"@type\":\"BreadcrumbList\",\"@id\":\"https:\/\/mereo.com\/hub\/midia\/#breadcrumb\",\"itemListElement\":[{\"@type\":\"ListItem\",\"position\":1,\"name\":\"In\u00edcio\",\"item\":\"https:\/\/mereo.com\/hub\/\"},{\"@type\":\"ListItem\",\"position\":2,\"name\":\"M\u00eddia\"}]},{\"@type\":\"WebSite\",\"@id\":\"https:\/\/mereo.com\/hub\/#website\",\"url\":\"https:\/\/mereo.com\/hub\/\",\"name\":\"Mereo Hub\",\"description\":\"\",\"publisher\":{\"@id\":\"https:\/\/mereo.com\/hub\/#organization\"},\"potentialAction\":[{\"@type\":\"SearchAction\",\"target\":{\"@type\":\"EntryPoint\",\"urlTemplate\":\"https:\/\/mereo.com\/hub\/?s={search_term_string}\"},\"query-input\":{\"@type\":\"PropertyValueSpecification\",\"valueRequired\":true,\"valueName\":\"search_term_string\"}}],\"inLanguage\":\"pt-BR\"},{\"@type\":\"Organization\",\"@id\":\"https:\/\/mereo.com\/hub\/#organization\",\"name\":\"Mereo Hub\",\"url\":\"https:\/\/mereo.com\/hub\/\",\"logo\":{\"@type\":\"ImageObject\",\"inLanguage\":\"pt-BR\",\"@id\":\"https:\/\/mereo.com\/hub\/#\/schema\/logo\/image\/\",\"url\":\"https:\/\/mereo.com\/hub\/wp-content\/uploads\/2025\/03\/logotiipo.webp\",\"contentUrl\":\"https:\/\/mereo.com\/hub\/wp-content\/uploads\/2025\/03\/logotiipo.webp\",\"width\":704,\"height\":99,\"caption\":\"Mereo Hub\"},\"image\":{\"@id\":\"https:\/\/mereo.com\/hub\/#\/schema\/logo\/image\/\"}}]}<\/script>\n<!-- \/ Yoast SEO plugin. -->","yoast_head_json":{"title":"Mereo na M\u00eddia","description":"Saiba o que falam da Mereo na m\u00eddia. Confira as not\u00edcias e impactos que fazem a diferen\u00e7a no mundo dos neg\u00f3cios.","robots":{"index":"index","follow":"follow","max-snippet":"max-snippet:-1","max-image-preview":"max-image-preview:large","max-video-preview":"max-video-preview:-1"},"canonical":"https:\/\/mereo.com\/hub\/midia\/","og_locale":"pt_BR","og_type":"article","og_title":"Mereo na M\u00eddia","og_description":"Saiba o que falam da Mereo na m\u00eddia. Confira as not\u00edcias e impactos que fazem a diferen\u00e7a no mundo dos neg\u00f3cios.","og_url":"https:\/\/mereo.com\/hub\/midia\/","og_site_name":"Mereo Hub","article_modified_time":"2025-07-21T16:55:47+00:00","twitter_card":"summary_large_image","twitter_misc":{"Est. tempo de leitura":"1 minuto"},"schema":{"@context":"https:\/\/schema.org","@graph":[{"@type":"WebPage","@id":"https:\/\/mereo.com\/hub\/midia\/","url":"https:\/\/mereo.com\/hub\/midia\/","name":"Mereo na M\u00eddia","isPartOf":{"@id":"https:\/\/mereo.com\/hub\/#website"},"datePublished":"2025-03-25T17:46:52+00:00","dateModified":"2025-07-21T16:55:47+00:00","description":"Saiba o que falam da Mereo na m\u00eddia. Confira as not\u00edcias e impactos que fazem a diferen\u00e7a no mundo dos neg\u00f3cios.","breadcrumb":{"@id":"https:\/\/mereo.com\/hub\/midia\/#breadcrumb"},"inLanguage":"pt-BR","potentialAction":[{"@type":"ReadAction","target":["https:\/\/mereo.com\/hub\/midia\/"]}]},{"@type":"BreadcrumbList","@id":"https:\/\/mereo.com\/hub\/midia\/#breadcrumb","itemListElement":[{"@type":"ListItem","position":1,"name":"In\u00edcio","item":"https:\/\/mereo.com\/hub\/"},{"@type":"ListItem","position":2,"name":"M\u00eddia"}]},{"@type":"WebSite","@id":"https:\/\/mereo.com\/hub\/#website","url":"https:\/\/mereo.com\/hub\/","name":"Mereo Hub","description":"","publisher":{"@id":"https:\/\/mereo.com\/hub\/#organization"},"potentialAction":[{"@type":"SearchAction","target":{"@type":"EntryPoint","urlTemplate":"https:\/\/mereo.com\/hub\/?s={search_term_string}"},"query-input":{"@type":"PropertyValueSpecification","valueRequired":true,"valueName":"search_term_string"}}],"inLanguage":"pt-BR"},{"@type":"Organization","@id":"https:\/\/mereo.com\/hub\/#organization","name":"Mereo Hub","url":"https:\/\/mereo.com\/hub\/","logo":{"@type":"ImageObject","inLanguage":"pt-BR","@id":"https:\/\/mereo.com\/hub\/#\/schema\/logo\/image\/","url":"https:\/\/mereo.com\/hub\/wp-content\/uploads\/2025\/03\/logotiipo.webp","contentUrl":"https:\/\/mereo.com\/hub\/wp-content\/uploads\/2025\/03\/logotiipo.webp","width":704,"height":99,"caption":"Mereo Hub"},"image":{"@id":"https:\/\/mereo.com\/hub\/#\/schema\/logo\/image\/"}}]}},"_links":{"self":[{"href":"https:\/\/mereo.com\/hub\/wp-json\/wp\/v2\/pages\/55","targetHints":{"allow":["GET"]}}],"collection":[{"href":"https:\/\/mereo.com\/hub\/wp-json\/wp\/v2\/pages"}],"about":[{"href":"https:\/\/mereo.com\/hub\/wp-json\/wp\/v2\/types\/page"}],"author":[{"embeddable":true,"href":"https:\/\/mereo.com\/hub\/wp-json\/wp\/v2\/users\/1"}],"replies":[{"embeddable":true,"href":"https:\/\/mereo.com\/hub\/wp-json\/wp\/v2\/comments?post=55"}],"version-history":[{"count":76,"href":"https:\/\/mereo.com\/hub\/wp-json\/wp\/v2\/pages\/55\/revisions"}],"predecessor-version":[{"id":2836,"href":"https:\/\/mereo.com\/hub\/wp-json\/wp\/v2\/pages\/55\/revisions\/2836"}],"wp:attachment":[{"href":"https:\/\/mereo.com\/hub\/wp-json\/wp\/v2\/media?parent=55"}],"curies":[{"name":"wp","href":"https:\/\/api.w.org\/{rel}","templated":true}]}}